{"id":69,"date":"2020-01-27T08:05:29","date_gmt":"2020-01-27T08:05:29","guid":{"rendered":"https:\/\/demosites.io\/web-agency-gb\/?page_id=69"},"modified":"2022-07-13T17:44:58","modified_gmt":"2022-07-13T15:44:58","slug":"15c42-web-agency-gb-portfolio","status":"publish","type":"page","link":"https:\/\/weiland-bikes.de\/index.php\/15c42-web-agency-gb-portfolio\/","title":{"rendered":"Unser Service"},"content":{"rendered":"\n<div class=\"wp-block-cover alignfull\" style=\"min-height:300px;aspect-ratio:unset;\"><span aria-hidden=\"true\" class=\"wp-block-cover__background has-nv-site-bg-background-color has-background-dim-100 has-background-dim\"><\/span><div class=\"wp-block-cover__inner-container is-layout-flow wp-block-cover-is-layout-flow\">\n<div class=\"wp-block-group\"><div class=\"wp-block-group__inner-container is-layout-flow wp-block-group-is-layout-flow\">\n<h1 class=\"has-text-align-left has-neve-text-color-color has-text-color wp-block-heading\">Unser Service f\u00fcr Euch<\/h1>\n<\/div><\/div>\n<\/div><\/div>\n\n\n\n<div class=\"wp-block-cover alignfull\" style=\"min-height:600px;aspect-ratio:unset;\"><span aria-hidden=\"true\" class=\"wp-block-cover__background has-nv-light-bg-background-color has-background-dim-100 has-background-dim\"><\/span><div class=\"wp-block-cover__inner-container is-layout-flow wp-block-cover-is-layout-flow\">\n<div class=\"wp-block-group\"><div class=\"wp-block-group__inner-container is-layout-flow wp-block-group-is-layout-flow\">\n<div style=\"height:4px\" aria-hidden=\"true\" class=\"wp-block-spacer\"><\/div>\n\n\n\n<div style=\"height:30px\" aria-hidden=\"true\" class=\"wp-block-spacer\"><\/div>\n\n\n\n<div class=\"wp-block-columns is-layout-flex wp-container-core-columns-is-layout-9d6595d7 wp-block-columns-is-layout-flex\">\n<div class=\"wp-block-column is-layout-flow wp-block-column-is-layout-flow\" style=\"flex-basis:100%\">\n<div class=\"wp-block-columns are-vertically-aligned-top is-layout-flex wp-container-core-columns-is-layout-9d6595d7 wp-block-columns-is-layout-flex\">\n<div class=\"wp-block-column is-vertically-aligned-top is-layout-flow wp-block-column-is-layout-flow\" style=\"flex-basis:50%\">\n<figure class=\"wp-block-image size-large\"><img loading=\"lazy\" decoding=\"async\" width=\"1024\" height=\"814\" src=\"http:\/\/weiland-bikes.de\/wp-content\/uploads\/2022\/07\/Werkstatt-1024x814.jpg\" alt=\"\" class=\"wp-image-412\" srcset=\"https:\/\/weiland-bikes.de\/wp-content\/uploads\/2022\/07\/Werkstatt-1024x814.jpg 1024w, https:\/\/weiland-bikes.de\/wp-content\/uploads\/2022\/07\/Werkstatt-300x238.jpg 300w, https:\/\/weiland-bikes.de\/wp-content\/uploads\/2022\/07\/Werkstatt-768x611.jpg 768w, https:\/\/weiland-bikes.de\/wp-content\/uploads\/2022\/07\/Werkstatt-1536x1221.jpg 1536w, https:\/\/weiland-bikes.de\/wp-content\/uploads\/2022\/07\/Werkstatt.jpg 2048w\" sizes=\"auto, (max-width: 1024px) 100vw, 1024px\" \/><\/figure>\n\n\n\n<p class=\"has-neve-link-hover-color-color has-text-color\"><\/p>\n\n\n\n<div style=\"height:40px\" aria-hidden=\"true\" class=\"wp-block-spacer\"><\/div>\n<\/div>\n\n\n\n<div class=\"wp-block-column is-layout-flow wp-block-column-is-layout-flow\" style=\"flex-basis:50%\">\n<p class=\"has-neve-link-hover-color-color has-text-color\" id=\"block-d568f5a0-c222-4cf5-a6c1-97831d216744\"><strong>\u25cf Pers\u00f6nliche Beratung mit und ohne Termin<\/strong><\/p>\n\n\n\n<p class=\"has-neve-link-hover-color-color has-text-color\" id=\"block-a5fff7e5-f873-4e7f-a197-5172169f3303\">Uns ist es wichtig das jeder Kunde eine individuelle Beratung bekommt, egal ob es um den Erwerb eines Fahrrads, Pedelecs oder um einen Werkstatttermin geht.<\/p>\n\n\n\n<p class=\"has-neve-link-hover-color-color has-text-color\" id=\"block-9730c7dc-015f-4121-8a26-3c87d4a9656e\"><strong>\u25cf Reparatur und Service f\u00fcr Fahrr\u00e4der aller Marken<\/strong><\/p>\n\n\n\n<p class=\"has-neve-link-hover-color-color has-text-color\" id=\"block-e5c88837-807c-4b02-9289-954e0b2778b5\">Wir m\u00f6chten Euch gern den Service bieten, dass wir (fast) alle Fahrr\u00e4der jeder Marke reparieren, also auch wenn Ihr das bike nicht bei uns gekauft habt. Wenn es kaputt ist, oder Ihr einen Service braucht, helfen wir Euch gern weiter. Eine individuelle Beratung, sowie ein Kostenvoranschlag geh\u00f6ren nat\u00fcrlich zum guten Service dazu. Euer Fahrrad ist schon etwas in die Jahre gekommen und m\u00fcsste mal general\u00fcberholt werden? Kein Problem, wir machen Euch auch hier einen Kostenvoranschlag und k\u00f6nnen gemeinsam Besprechen, was ihr gern gemacht oder erneuert haben wollt.<\/p>\n\n\n\n<p class=\"has-neve-link-hover-color-color has-text-color\" id=\"block-f360d65f-f81f-4714-842d-a0f2b5f8a955\"><strong>\u25cf Zubeh\u00f6r und Teile Verkauf<\/strong><\/p>\n\n\n\n<p class=\"has-neve-link-hover-color-color has-text-color\" id=\"block-92fdcc54-f568-4c01-b7ff-14ab21996a42\">Nat\u00fcrlich bekommt Ihr bei uns auch alles M\u00f6gliche an Zubeh\u00f6r, wie hochwertige Helme, S\u00e4ttel, Griffe, Schl\u00f6sser und vieles mehr. Ihr wollt Euch bike selbst ein bisschen aufpolieren und neue Teile anbauen? Kein Problem, die passenden Teile f\u00fcr Euch bike bekommt Ihr auch bei uns, was nicht auf Lager ist, bestellen wir nat\u00fcrlich gerne f\u00fcr Euch. Stichwort \u201eaufpolieren\u201c, Ihr bekommt bei uns auch super Pflegeprodukte f\u00fcr Euch bike.<\/p>\n\n\n\n<p class=\"has-neve-link-hover-color-color has-text-color\" id=\"block-4839d50a-62d1-449e-8b25-ea27d1cd5294\">\u25cf<strong> Digitale Vermessung f\u00fcr den perfekten Sattel<\/strong><\/p>\n\n\n\n<p class=\"has-neve-link-hover-color-color has-text-color\" id=\"block-b1ae2c37-a810-42b5-b941-58b0a362375b\">Ihr habt auf langen Touren Probleme mit Eurem Sattel, es zwackt und kneift, oder wird gar taub? Da k\u00f6nnen wir Abhilfe schaffen. Wir vermessen Eure Ges\u00e4\u00dfknochen digital und k\u00f6nnen so den passenden Sattel f\u00fcr jeden Po finden. In Kombination mit den passenden ergonomischen Griffen schlafen dann auch die H\u00e4nde nicht mehr ein.<\/p>\n\n\n\n<p class=\"has-neve-link-hover-color-color has-text-color\" id=\"block-ec3bf1c1-b946-4b5c-ba89-f6aafe076f6e\"><strong>\u25cf Bike-Leasing<\/strong><\/p>\n\n\n\n<p class=\"has-neve-link-hover-color-color has-text-color\" id=\"block-e23ebbac-45f0-4040-9a8e-97a51ff73e0b\">Ihr wollt ein neues bike nicht gleich kaufen? Ihr k\u00f6nnt es auch gerne leasen und wenn Ihr einen coolen Chef habt, macht Ihr das ganze \u00fcber den Arbeitgeber und spart euch noch ein paar Euro Lohnsteuer. Kommt vorbei und lasst euch von uns beraten<\/p>\n<\/div>\n<\/div>\n<\/div>\n<\/div>\n\n\n\n<div style=\"height:40px\" aria-hidden=\"true\" class=\"wp-block-spacer\"><\/div>\n<\/div><\/div>\n<\/div><\/div>\n\n\n\n<div class=\"wp-block-cover alignfull\" style=\"min-height:300px;aspect-ratio:unset;\"><span aria-hidden=\"true\" class=\"wp-block-cover__background has-nv-dark-bg-background-color has-background-dim-100 has-background-dim\"><\/span><div class=\"wp-block-cover__inner-container is-layout-flow wp-block-cover-is-layout-flow\">\n<div style=\"height:80px\" aria-hidden=\"true\" class=\"wp-block-spacer\"><\/div>\n\n\n\n<p class=\"has-text-align-center has-nv-text-dark-bg-color has-text-color\"><\/p>\n\n\n\n<div style=\"height:80px\" aria-hidden=\"true\" class=\"wp-block-spacer\"><\/div>\n<\/div><\/div>\n","protected":false},"excerpt":{"rendered":"","protected":false},"author":3,"featured_media":0,"parent":0,"menu_order":0,"comment_status":"closed","ping_status":"closed","template":"","meta":{"neve_meta_sidebar":"full-width","neve_meta_container":"","neve_meta_enable_content_width":"on","neve_meta_content_width":100,"neve_meta_title_alignment":"","neve_meta_author_avatar":"","neve_post_elements_order":"","neve_meta_disable_header":"","neve_meta_disable_footer":"","neve_meta_disable_title":"on","footnotes":""},"class_list":["post-69","page","type-page","status-publish","hentry"],"_links":{"self":[{"href":"https:\/\/weiland-bikes.de\/index.php\/wp-json\/wp\/v2\/pages\/69","targetHints":{"allow":["GET"]}}],"collection":[{"href":"https:\/\/weiland-bikes.de\/index.php\/wp-json\/wp\/v2\/pages"}],"about":[{"href":"https:\/\/weiland-bikes.de\/index.php\/wp-json\/wp\/v2\/types\/page"}],"author":[{"embeddable":true,"href":"https:\/\/weiland-bikes.de\/index.php\/wp-json\/wp\/v2\/users\/3"}],"replies":[{"embeddable":true,"href":"https:\/\/weiland-bikes.de\/index.php\/wp-json\/wp\/v2\/comments?post=69"}],"version-history":[{"count":2,"href":"https:\/\/weiland-bikes.de\/index.php\/wp-json\/wp\/v2\/pages\/69\/revisions"}],"predecessor-version":[{"id":435,"href":"https:\/\/weiland-bikes.de\/index.php\/wp-json\/wp\/v2\/pages\/69\/revisions\/435"}],"wp:attachment":[{"href":"https:\/\/weiland-bikes.de\/index.php\/wp-json\/wp\/v2\/media?parent=69"}],"curies":[{"name":"wp","href":"https:\/\/api.w.org\/{rel}","templated":true}]}}