{"id":309,"date":"2020-01-23T18:21:52","date_gmt":"2020-01-23T18:21:52","guid":{"rendered":"https:\/\/demosites.io\/web-agency-gb\/?page_id=61"},"modified":"2022-07-13T17:48:20","modified_gmt":"2022-07-13T15:48:20","slug":"15c42-web-agency-gb-about-us","status":"publish","type":"page","link":"https:\/\/weiland-bikes.de\/index.php\/15c42-web-agency-gb-about-us\/","title":{"rendered":"\u00dcber Uns"},"content":{"rendered":"\n<div class=\"wp-block-cover alignfull\" style=\"min-height:300px;aspect-ratio:unset;\"><span aria-hidden=\"true\" class=\"wp-block-cover__background has-nv-site-bg-background-color has-background-dim-100 has-background-dim\"><\/span><div class=\"wp-block-cover__inner-container is-layout-flow wp-block-cover-is-layout-flow\">\n<div class=\"wp-block-group\"><div class=\"wp-block-group__inner-container is-layout-flow wp-block-group-is-layout-flow\">\n<h1 class=\"has-text-align-left has-neve-text-color-color has-text-color wp-block-heading\">\u00dcber Uns<\/h1>\n<\/div><\/div>\n<\/div><\/div>\n\n\n\n<div class=\"wp-block-cover alignfull\" style=\"min-height:600px;aspect-ratio:unset;\"><span aria-hidden=\"true\" class=\"wp-block-cover__background has-nv-light-bg-background-color has-background-dim-100 has-background-dim\"><\/span><div class=\"wp-block-cover__inner-container is-layout-flow wp-block-cover-is-layout-flow\">\n<div class=\"wp-block-group\"><div class=\"wp-block-group__inner-container is-layout-flow wp-block-group-is-layout-flow\">\n<div style=\"height:80px\" aria-hidden=\"true\" class=\"wp-block-spacer\"><\/div>\n\n\n\n<div class=\"wp-block-columns are-vertically-aligned-center is-layout-flex wp-container-core-columns-is-layout-9d6595d7 wp-block-columns-is-layout-flex\">\n<div class=\"wp-block-column is-vertically-aligned-center is-layout-flow wp-block-column-is-layout-flow\" style=\"flex-basis:50%\">\n<figure class=\"wp-block-image size-full\"><img loading=\"lazy\" decoding=\"async\" width=\"1024\" height=\"768\" src=\"http:\/\/weiland-bikes.de\/wp-content\/uploads\/2022\/07\/Theke.jpg\" alt=\"\" class=\"wp-image-376\" srcset=\"https:\/\/weiland-bikes.de\/wp-content\/uploads\/2022\/07\/Theke.jpg 1024w, https:\/\/weiland-bikes.de\/wp-content\/uploads\/2022\/07\/Theke-300x225.jpg 300w, https:\/\/weiland-bikes.de\/wp-content\/uploads\/2022\/07\/Theke-768x576.jpg 768w\" sizes=\"auto, (max-width: 1024px) 100vw, 1024px\" \/><\/figure>\n<\/div>\n\n\n\n<div class=\"wp-block-column is-vertically-aligned-center is-layout-flow wp-block-column-is-layout-flow\" style=\"flex-basis:50%\">\n<p class=\"has-neve-link-hover-color-color has-text-color\">Mein Name ist Dominique-Philipp Weiland und ich bin der Inhaber von Weiland Bikes. Mit dem Laden inklusive Werkstatt habe ich meine Leidenschaft endlich zum Beruf gemacht. Urspr\u00fcnglich komme ich aus der Kfz- Branche wo ich meinen Meister als Jahrgangsbester abgeschlossen habe. Eine gro\u00dfe Leidenschaft waren aber auch schon seit fr\u00fcher Jugend die Fahrr\u00e4der. \u00dcber die Jahre habe ich so viel Erfahrung beim Reparieren von Fahrr\u00e4dern gesammelt, habe diverse Schulungen absolviert und mich auf die Arbeit in meiner eigenen Werkstatt vorbereitet. Durch die Artverwandschaft des Kfz-Mechaniker und des Zweiradmechanikers habe ich von der HWK au\u00dferdem die Genehmigung bekommen Zweiradmechaniker auszubilden, worauf ich mich schon sehr freue.<\/p>\n<\/div>\n<\/div>\n\n\n\n<div style=\"height:40px\" aria-hidden=\"true\" class=\"wp-block-spacer\"><\/div>\n<\/div><\/div>\n<\/div><\/div>\n\n\n\n<div class=\"wp-block-cover alignfull\" style=\"min-height:600px;aspect-ratio:unset;\"><span aria-hidden=\"true\" class=\"wp-block-cover__background has-nv-dark-bg-background-color has-background-dim-100 has-background-dim\"><\/span><div class=\"wp-block-cover__inner-container is-layout-flow wp-block-cover-is-layout-flow\">\n<div class=\"wp-block-group\"><div class=\"wp-block-group__inner-container is-layout-flow wp-block-group-is-layout-flow\">\n<div style=\"height:40px\" aria-hidden=\"true\" class=\"wp-block-spacer\"><\/div>\n<\/div><\/div>\n<\/div><\/div>\n","protected":false},"excerpt":{"rendered":"","protected":false},"author":3,"featured_media":0,"parent":0,"menu_order":0,"comment_status":"closed","ping_status":"closed","template":"","meta":{"neve_meta_sidebar":"default","neve_meta_container":"default","neve_meta_enable_content_width":"on","neve_meta_content_width":100,"neve_meta_title_alignment":"","neve_meta_author_avatar":"","neve_post_elements_order":"","neve_meta_disable_header":"","neve_meta_disable_footer":"","neve_meta_disable_title":"on","footnotes":""},"class_list":["post-309","page","type-page","status-publish","hentry"],"_links":{"self":[{"href":"https:\/\/weiland-bikes.de\/index.php\/wp-json\/wp\/v2\/pages\/309","targetHints":{"allow":["GET"]}}],"collection":[{"href":"https:\/\/weiland-bikes.de\/index.php\/wp-json\/wp\/v2\/pages"}],"about":[{"href":"https:\/\/weiland-bikes.de\/index.php\/wp-json\/wp\/v2\/types\/page"}],"author":[{"embeddable":true,"href":"https:\/\/weiland-bikes.de\/index.php\/wp-json\/wp\/v2\/users\/3"}],"replies":[{"embeddable":true,"href":"https:\/\/weiland-bikes.de\/index.php\/wp-json\/wp\/v2\/comments?post=309"}],"version-history":[{"count":1,"href":"https:\/\/weiland-bikes.de\/index.php\/wp-json\/wp\/v2\/pages\/309\/revisions"}],"predecessor-version":[{"id":437,"href":"https:\/\/weiland-bikes.de\/index.php\/wp-json\/wp\/v2\/pages\/309\/revisions\/437"}],"wp:attachment":[{"href":"https:\/\/weiland-bikes.de\/index.php\/wp-json\/wp\/v2\/media?parent=309"}],"curies":[{"name":"wp","href":"https:\/\/api.w.org\/{rel}","templated":true}]}}